{"id":5756,"date":"2024-05-28T14:36:03","date_gmt":"2024-05-28T12:36:03","guid":{"rendered":"https:\/\/ecotexgroup.com\/product\/cream-niemiecki-odziez-damska-pakiet-25kg\/"},"modified":"2026-04-17T14:08:03","modified_gmt":"2026-04-17T12:08:03","slug":"cream-niemiecki-odziez-damska-pakiet-25kg","status":"publish","type":"product","link":"https:\/\/ecotexgroup.com\/de\/product\/cream-niemiecki-odziez-damska-pakiet-25kg\/","title":{"rendered":"Odzie\u017c damska &#8211; 25kg"},"content":{"rendered":"<p class=\"h5\">Odzie\u017c u\u017cywana damska najwy\u017cszej jako\u015bci, pozyskiwana z niemieckiego orygina\u0142u, przeznaczona na sezon wiosenno-letni. Odzie\u017c pozyskiwana z Europy charakteryzuje si\u0119 warto\u015bciowymi sk\u0142adami materia\u0142\u00f3w, kt\u00f3re s\u0105 szczeg\u00f3lnie cenione przez \u015bwiadomych klient\u00f3w poszukuj\u0105cych wysokiej jako\u015bci produkt\u00f3w. Pakiety o \u0142\u0105cznej wadze 25 kg \u00a0zawieraj\u0105 odzie\u017c starannie przesortowan\u0105 przez nasz 30-osobowy zesp\u00f3\u0142 w Polsce, z dba\u0142o\u015bci\u0105 o jak najlepsz\u0105, powtarzaln\u0105 jako\u015bciowo kwalifikacj\u0119. Towar pochodzi od certyfikowanych dostawc\u00f3w z Europy. Dzi\u0119ki kontroli \u017ar\u00f3de\u0142 dostaw oraz braku w\u0142asnych sklep\u00f3w detalicznych, mo\u017cemy zagwarantowa\u0107, \u017ce do pakiet\u00f3w trafiaj\u0105 wszystkie pozyskane najlepsze sztuki odzie\u017cy.<\/p>\n","protected":false},"excerpt":{"rendered":"<ul>\n<li>odzie\u017c u\u017cywana najwy\u017cej jako\u015bci ze zbi\u00f3rek niemieckich<\/li>\n<li>po\u017c\u0105dane zaopatrzenie dla sklep\u00f3w second hand stacjonarnych oraz online<\/li>\n<li>tekstylia sortowane w Polsce<\/li>\n<li>w naszych pakietach spotykane s\u0105 r\u00f3wnie\u017c sztuki odzie\u017cy z metkami producenta<\/li>\n<\/ul>\n<p>&nbsp;<\/p>\n<p>Nie prowadzimy sklep\u00f3w detalicznych, sprzedajemy wy\u0142\u0105cznie hurtowo. Gwarantujemy nie przebrane, starannie selekcjonowane zatowarowanie.<\/p>\n","protected":false},"featured_media":4667,"comment_status":"closed","ping_status":"closed","template":"","meta":{"_acf_changed":false},"product_brand":[],"product_cat":[88,90,94,104,110],"product_tag":[152,153],"product_filter":[275,279,280,281],"class_list":{"0":"post-5756","1":"product","2":"type-product","3":"status-publish","4":"has-post-thumbnail","6":"product_cat-odziez-damska-de","7":"product_cat-odziez-uzywana-de","8":"product_cat-odziez-z-niemiec-de","9":"product_cat-cream-de","10":"product_cat-wiosna-lato-de","11":"product_tag-cream-de","12":"product_tag-odziez-uzywana-de","13":"product_shipping_class-przesylka-kurier-de","14":"product_filter-odziez-de","15":"product_filter-cream-de","16":"product_filter-kobieta-de","17":"product_filter-wiosna-lato-de","19":"first","20":"instock","21":"taxable","22":"shipping-taxable","23":"purchasable","24":"product-type-simple"},"acf":[],"yoast_head":"<!-- This site is optimized with the Yoast SEO plugin v23.4 - https:\/\/yoast.com\/wordpress\/plugins\/seo\/ -->\n<title>Odzie\u017c U\u017cywana Sortowana Damska Cream z Niemiec - 25 kg | Kolekcja Lato\/Wiosna | Dobre Ceny - Ecotex<\/title>\n<meta name=\"description\" content=\"Ecotex \u27a4 Odzie\u017c u\u017cywana sortowana damska cream z Niemiec \u2013 25 kg letnio-wiosennej kolekcji, starannie wyselekcjonowane ubrania w dobrym stanie \u2b50Kup!\" \/>\n<meta name=\"robots\" content=\"index, follow, max-snippet:-1, max-image-preview:large, max-video-preview:-1\" \/>\n<link rel=\"canonical\" href=\"https:\/\/ecotexgroup.com\/de\/product\/cream-niemiecki-odziez-damska-pakiet-25kg\/\" \/>\n<meta property=\"og:locale\" content=\"de_DE\" \/>\n<meta property=\"og:type\" content=\"article\" \/>\n<meta property=\"og:title\" content=\"Odzie\u017c U\u017cywana Sortowana Damska Cream z Niemiec - 25 kg | Kolekcja Lato\/Wiosna | Dobre Ceny - Ecotex\" \/>\n<meta property=\"og:description\" content=\"Ecotex \u27a4 Odzie\u017c u\u017cywana sortowana damska cream z Niemiec \u2013 25 kg letnio-wiosennej kolekcji, starannie wyselekcjonowane ubrania w dobrym stanie \u2b50Kup!\" \/>\n<meta property=\"og:url\" content=\"https:\/\/ecotexgroup.com\/de\/product\/cream-niemiecki-odziez-damska-pakiet-25kg\/\" \/>\n<meta property=\"og:site_name\" content=\"Ecotex\" \/>\n<meta property=\"article:modified_time\" content=\"2026-04-17T12:08:03+00:00\" \/>\n<meta property=\"og:image\" content=\"https:\/\/ecotexgroup.com\/wp-content\/uploads\/2024\/04\/92B5C8DF-3BBD-4346-B8AB-E1496560D7FB.jpg\" \/>\n\t<meta property=\"og:image:width\" content=\"2048\" \/>\n\t<meta property=\"og:image:height\" content=\"2048\" \/>\n\t<meta property=\"og:image:type\" content=\"image\/jpeg\" \/>\n<meta name=\"twitter:card\" content=\"summary_large_image\" \/>\n<meta name=\"twitter:label1\" content=\"Gesch\u00e4tzte Lesezeit\" \/>\n\t<meta name=\"twitter:data1\" content=\"1\u00a0Minute\" \/>\n<script type=\"application\/ld+json\" class=\"yoast-schema-graph\">{\"@context\":\"https:\/\/schema.org\",\"@graph\":[{\"@type\":\"WebPage\",\"@id\":\"https:\/\/ecotexgroup.com\/de\/product\/cream-niemiecki-odziez-damska-pakiet-25kg\/\",\"url\":\"https:\/\/ecotexgroup.com\/de\/product\/cream-niemiecki-odziez-damska-pakiet-25kg\/\",\"name\":\"Odzie\u017c U\u017cywana Sortowana Damska Cream z Niemiec - 25 kg | Kolekcja Lato\/Wiosna | Dobre Ceny - Ecotex\",\"isPartOf\":{\"@id\":\"https:\/\/ecotexgroup.com\/en\/#website\"},\"primaryImageOfPage\":{\"@id\":\"https:\/\/ecotexgroup.com\/de\/product\/cream-niemiecki-odziez-damska-pakiet-25kg\/#primaryimage\"},\"image\":{\"@id\":\"https:\/\/ecotexgroup.com\/de\/product\/cream-niemiecki-odziez-damska-pakiet-25kg\/#primaryimage\"},\"thumbnailUrl\":\"https:\/\/ecotexgroup.com\/wp-content\/uploads\/2024\/04\/92B5C8DF-3BBD-4346-B8AB-E1496560D7FB.jpg\",\"datePublished\":\"2024-05-28T12:36:03+00:00\",\"dateModified\":\"2026-04-17T12:08:03+00:00\",\"description\":\"Ecotex \u27a4 Odzie\u017c u\u017cywana sortowana damska cream z Niemiec \u2013 25 kg letnio-wiosennej kolekcji, starannie wyselekcjonowane ubrania w dobrym stanie \u2b50Kup!\",\"breadcrumb\":{\"@id\":\"https:\/\/ecotexgroup.com\/de\/product\/cream-niemiecki-odziez-damska-pakiet-25kg\/#breadcrumb\"},\"inLanguage\":\"de\",\"potentialAction\":[{\"@type\":\"ReadAction\",\"target\":[\"https:\/\/ecotexgroup.com\/de\/product\/cream-niemiecki-odziez-damska-pakiet-25kg\/\"]}]},{\"@type\":\"ImageObject\",\"inLanguage\":\"de\",\"@id\":\"https:\/\/ecotexgroup.com\/de\/product\/cream-niemiecki-odziez-damska-pakiet-25kg\/#primaryimage\",\"url\":\"https:\/\/ecotexgroup.com\/wp-content\/uploads\/2024\/04\/92B5C8DF-3BBD-4346-B8AB-E1496560D7FB.jpg\",\"contentUrl\":\"https:\/\/ecotexgroup.com\/wp-content\/uploads\/2024\/04\/92B5C8DF-3BBD-4346-B8AB-E1496560D7FB.jpg\",\"width\":2048,\"height\":2048},{\"@type\":\"BreadcrumbList\",\"@id\":\"https:\/\/ecotexgroup.com\/de\/product\/cream-niemiecki-odziez-damska-pakiet-25kg\/#breadcrumb\",\"itemListElement\":[{\"@type\":\"ListItem\",\"position\":1,\"name\":\"Strona g\u0142\u00f3wna\",\"item\":\"https:\/\/ecotexgroup.com\/\"},{\"@type\":\"ListItem\",\"position\":2,\"name\":\"Produkty\",\"item\":\"https:\/\/ecotexgroup.com\/shop\/\"},{\"@type\":\"ListItem\",\"position\":3,\"name\":\"Odzie\u017c damska &#8211; 25kg\"}]},{\"@type\":\"WebSite\",\"@id\":\"https:\/\/ecotexgroup.com\/en\/#website\",\"url\":\"https:\/\/ecotexgroup.com\/en\/\",\"name\":\"Ecotex\",\"description\":\"\",\"publisher\":{\"@id\":\"https:\/\/ecotexgroup.com\/en\/#organization\"},\"potentialAction\":[{\"@type\":\"SearchAction\",\"target\":{\"@type\":\"EntryPoint\",\"urlTemplate\":\"https:\/\/ecotexgroup.com\/en\/?s={search_term_string}\"},\"query-input\":{\"@type\":\"PropertyValueSpecification\",\"valueRequired\":true,\"valueName\":\"search_term_string\"}}],\"inLanguage\":\"de\"},{\"@type\":\"Organization\",\"@id\":\"https:\/\/ecotexgroup.com\/en\/#organization\",\"name\":\"Ecotex\",\"url\":\"https:\/\/ecotexgroup.com\/en\/\",\"logo\":{\"@type\":\"ImageObject\",\"inLanguage\":\"de\",\"@id\":\"https:\/\/ecotexgroup.com\/en\/#\/schema\/logo\/image\/\",\"url\":\"https:\/\/ecotexgroup.com\/wp-content\/uploads\/2022\/10\/Ecotex_Group_logo-1.svg\",\"contentUrl\":\"https:\/\/ecotexgroup.com\/wp-content\/uploads\/2022\/10\/Ecotex_Group_logo-1.svg\",\"width\":187,\"height\":29,\"caption\":\"Ecotex\"},\"image\":{\"@id\":\"https:\/\/ecotexgroup.com\/en\/#\/schema\/logo\/image\/\"}}]}<\/script>\n<!-- \/ Yoast SEO plugin. -->","yoast_head_json":{"title":"Odzie\u017c U\u017cywana Sortowana Damska Cream z Niemiec - 25 kg | Kolekcja Lato\/Wiosna | Dobre Ceny - Ecotex","description":"Ecotex \u27a4 Odzie\u017c u\u017cywana sortowana damska cream z Niemiec \u2013 25 kg letnio-wiosennej kolekcji, starannie wyselekcjonowane ubrania w dobrym stanie \u2b50Kup!","robots":{"index":"index","follow":"follow","max-snippet":"max-snippet:-1","max-image-preview":"max-image-preview:large","max-video-preview":"max-video-preview:-1"},"canonical":"https:\/\/ecotexgroup.com\/de\/product\/cream-niemiecki-odziez-damska-pakiet-25kg\/","og_locale":"de_DE","og_type":"article","og_title":"Odzie\u017c U\u017cywana Sortowana Damska Cream z Niemiec - 25 kg | Kolekcja Lato\/Wiosna | Dobre Ceny - Ecotex","og_description":"Ecotex \u27a4 Odzie\u017c u\u017cywana sortowana damska cream z Niemiec \u2013 25 kg letnio-wiosennej kolekcji, starannie wyselekcjonowane ubrania w dobrym stanie \u2b50Kup!","og_url":"https:\/\/ecotexgroup.com\/de\/product\/cream-niemiecki-odziez-damska-pakiet-25kg\/","og_site_name":"Ecotex","article_modified_time":"2026-04-17T12:08:03+00:00","og_image":[{"width":2048,"height":2048,"url":"https:\/\/ecotexgroup.com\/wp-content\/uploads\/2024\/04\/92B5C8DF-3BBD-4346-B8AB-E1496560D7FB.jpg","type":"image\/jpeg"}],"twitter_card":"summary_large_image","twitter_misc":{"Gesch\u00e4tzte Lesezeit":"1\u00a0Minute"},"schema":{"@context":"https:\/\/schema.org","@graph":[{"@type":"WebPage","@id":"https:\/\/ecotexgroup.com\/de\/product\/cream-niemiecki-odziez-damska-pakiet-25kg\/","url":"https:\/\/ecotexgroup.com\/de\/product\/cream-niemiecki-odziez-damska-pakiet-25kg\/","name":"Odzie\u017c U\u017cywana Sortowana Damska Cream z Niemiec - 25 kg | Kolekcja Lato\/Wiosna | Dobre Ceny - Ecotex","isPartOf":{"@id":"https:\/\/ecotexgroup.com\/en\/#website"},"primaryImageOfPage":{"@id":"https:\/\/ecotexgroup.com\/de\/product\/cream-niemiecki-odziez-damska-pakiet-25kg\/#primaryimage"},"image":{"@id":"https:\/\/ecotexgroup.com\/de\/product\/cream-niemiecki-odziez-damska-pakiet-25kg\/#primaryimage"},"thumbnailUrl":"https:\/\/ecotexgroup.com\/wp-content\/uploads\/2024\/04\/92B5C8DF-3BBD-4346-B8AB-E1496560D7FB.jpg","datePublished":"2024-05-28T12:36:03+00:00","dateModified":"2026-04-17T12:08:03+00:00","description":"Ecotex \u27a4 Odzie\u017c u\u017cywana sortowana damska cream z Niemiec \u2013 25 kg letnio-wiosennej kolekcji, starannie wyselekcjonowane ubrania w dobrym stanie \u2b50Kup!","breadcrumb":{"@id":"https:\/\/ecotexgroup.com\/de\/product\/cream-niemiecki-odziez-damska-pakiet-25kg\/#breadcrumb"},"inLanguage":"de","potentialAction":[{"@type":"ReadAction","target":["https:\/\/ecotexgroup.com\/de\/product\/cream-niemiecki-odziez-damska-pakiet-25kg\/"]}]},{"@type":"ImageObject","inLanguage":"de","@id":"https:\/\/ecotexgroup.com\/de\/product\/cream-niemiecki-odziez-damska-pakiet-25kg\/#primaryimage","url":"https:\/\/ecotexgroup.com\/wp-content\/uploads\/2024\/04\/92B5C8DF-3BBD-4346-B8AB-E1496560D7FB.jpg","contentUrl":"https:\/\/ecotexgroup.com\/wp-content\/uploads\/2024\/04\/92B5C8DF-3BBD-4346-B8AB-E1496560D7FB.jpg","width":2048,"height":2048},{"@type":"BreadcrumbList","@id":"https:\/\/ecotexgroup.com\/de\/product\/cream-niemiecki-odziez-damska-pakiet-25kg\/#breadcrumb","itemListElement":[{"@type":"ListItem","position":1,"name":"Strona g\u0142\u00f3wna","item":"https:\/\/ecotexgroup.com\/"},{"@type":"ListItem","position":2,"name":"Produkty","item":"https:\/\/ecotexgroup.com\/shop\/"},{"@type":"ListItem","position":3,"name":"Odzie\u017c damska &#8211; 25kg"}]},{"@type":"WebSite","@id":"https:\/\/ecotexgroup.com\/en\/#website","url":"https:\/\/ecotexgroup.com\/en\/","name":"Ecotex","description":"","publisher":{"@id":"https:\/\/ecotexgroup.com\/en\/#organization"},"potentialAction":[{"@type":"SearchAction","target":{"@type":"EntryPoint","urlTemplate":"https:\/\/ecotexgroup.com\/en\/?s={search_term_string}"},"query-input":{"@type":"PropertyValueSpecification","valueRequired":true,"valueName":"search_term_string"}}],"inLanguage":"de"},{"@type":"Organization","@id":"https:\/\/ecotexgroup.com\/en\/#organization","name":"Ecotex","url":"https:\/\/ecotexgroup.com\/en\/","logo":{"@type":"ImageObject","inLanguage":"de","@id":"https:\/\/ecotexgroup.com\/en\/#\/schema\/logo\/image\/","url":"https:\/\/ecotexgroup.com\/wp-content\/uploads\/2022\/10\/Ecotex_Group_logo-1.svg","contentUrl":"https:\/\/ecotexgroup.com\/wp-content\/uploads\/2022\/10\/Ecotex_Group_logo-1.svg","width":187,"height":29,"caption":"Ecotex"},"image":{"@id":"https:\/\/ecotexgroup.com\/en\/#\/schema\/logo\/image\/"}}]}},"_links":{"self":[{"href":"https:\/\/ecotexgroup.com\/de\/wp-json\/wp\/v2\/product\/5756"}],"collection":[{"href":"https:\/\/ecotexgroup.com\/de\/wp-json\/wp\/v2\/product"}],"about":[{"href":"https:\/\/ecotexgroup.com\/de\/wp-json\/wp\/v2\/types\/product"}],"replies":[{"embeddable":true,"href":"https:\/\/ecotexgroup.com\/de\/wp-json\/wp\/v2\/comments?post=5756"}],"wp:featuredmedia":[{"embeddable":true,"href":"https:\/\/ecotexgroup.com\/de\/wp-json\/wp\/v2\/media\/4667"}],"wp:attachment":[{"href":"https:\/\/ecotexgroup.com\/de\/wp-json\/wp\/v2\/media?parent=5756"}],"wp:term":[{"taxonomy":"product_brand","embeddable":true,"href":"https:\/\/ecotexgroup.com\/de\/wp-json\/wp\/v2\/product_brand?post=5756"},{"taxonomy":"product_cat","embeddable":true,"href":"https:\/\/ecotexgroup.com\/de\/wp-json\/wp\/v2\/product_cat?post=5756"},{"taxonomy":"product_tag","embeddable":true,"href":"https:\/\/ecotexgroup.com\/de\/wp-json\/wp\/v2\/product_tag?post=5756"},{"taxonomy":"product_filter","embeddable":true,"href":"https:\/\/ecotexgroup.com\/de\/wp-json\/wp\/v2\/product_filter?post=5756"}],"curies":[{"name":"wp","href":"https:\/\/api.w.org\/{rel}","templated":true}]}}