{"id":5765,"date":"2024-05-28T13:14:37","date_gmt":"2024-05-28T11:14:37","guid":{"rendered":"https:\/\/ecotexgroup.com\/?post_type=product&#038;p=5765"},"modified":"2026-02-26T15:13:51","modified_gmt":"2026-02-26T14:13:51","slug":"buty-outlet-zestaw-shs81","status":"publish","type":"product","link":"https:\/\/ecotexgroup.com\/en\/product\/buty-outlet-zestaw-shs81\/","title":{"rendered":"Outlet: Buty &#8211; zestaw SHS81, 10 par"},"content":{"rendered":"<p>Buty z przeznaczeniem na sezon wiosenno-letni pogrupowane w pakiety sprzeda\u017cowe przez nasz personel sortowniczy.<\/p>\n<p>Zdj\u0119cia ukazuj\u0105 wszystkie pary znajduj\u0105ce si\u0119 w zamawianym pakiecie. Na stanie jeden pakiet posiadaj\u0105cy dok\u0142adnie tak\u0105 zawarto\u015b\u0107.<\/p>\n<p>Prezentowany pakiet: SHS81<\/p>\n","protected":false},"excerpt":{"rendered":"<ul>\n<li>wybieraj\u0105c zestaw kupujesz konkretne pary obuwia przedstawione na za\u0142\u0105czonych zdj\u0119ciach<\/li>\n<li>wi\u0119kszo\u015b\u0107 par posiada pude\u0142ko producenta<\/li>\n<li>w sk\u0142ad pakietu wchodzi w 100% oryginalne obuwie<\/li>\n<li>mo\u017cliwo\u015b\u0107 obejrzenia konkretnego pakietu w plac\u00f3wce naszej firmy<\/li>\n<\/ul>\n","protected":false},"featured_media":4954,"comment_status":"closed","ping_status":"closed","template":"","meta":{"_acf_changed":false},"product_brand":[],"product_cat":[108,112,115],"product_tag":[],"product_filter":[],"class_list":{"0":"post-5765","1":"product","2":"type-product","3":"status-publish","4":"has-post-thumbnail","6":"product_cat-spring-summer","7":"product_cat-outlet-en","8":"product_cat-shoes","9":"product_shipping_class-przesylka-kurier-en","11":"first","12":"instock","13":"sale","14":"taxable","15":"shipping-taxable","16":"purchasable","17":"product-type-simple"},"acf":[],"yoast_head":"<!-- This site is optimized with the Yoast SEO plugin v23.4 - https:\/\/yoast.com\/wordpress\/plugins\/seo\/ -->\n<title>Outlet: Buty - zestaw SHS81, 10 par - Ecotex<\/title>\n<meta name=\"robots\" content=\"index, follow, max-snippet:-1, max-image-preview:large, max-video-preview:-1\" \/>\n<link rel=\"canonical\" href=\"https:\/\/ecotexgroup.com\/en\/product\/buty-outlet-zestaw-shs81\/\" \/>\n<meta property=\"og:locale\" content=\"en_US\" \/>\n<meta property=\"og:type\" content=\"article\" \/>\n<meta property=\"og:title\" content=\"Outlet: Buty - zestaw SHS81, 10 par - Ecotex\" \/>\n<meta property=\"og:description\" content=\"wybieraj\u0105c zestaw kupujesz konkretne pary obuwia przedstawione na za\u0142\u0105czonych zdj\u0119ciach  wi\u0119kszo\u015b\u0107 par posiada pude\u0142ko producenta  w sk\u0142ad pakietu wchodzi w 100% oryginalne obuwie  mo\u017cliwo\u015b\u0107 obejrzenia konkretnego pakietu w plac\u00f3wce naszej firmy\" \/>\n<meta property=\"og:url\" content=\"https:\/\/ecotexgroup.com\/en\/product\/buty-outlet-zestaw-shs81\/\" \/>\n<meta property=\"og:site_name\" content=\"Ecotex\" \/>\n<meta property=\"article:modified_time\" content=\"2026-02-26T14:13:51+00:00\" \/>\n<meta property=\"og:image\" content=\"https:\/\/ecotexgroup.com\/wp-content\/uploads\/2024\/05\/20240523_100930-scaled.jpg\" \/>\n\t<meta property=\"og:image:width\" content=\"2560\" \/>\n\t<meta property=\"og:image:height\" content=\"1920\" \/>\n\t<meta property=\"og:image:type\" content=\"image\/jpeg\" \/>\n<meta name=\"twitter:card\" content=\"summary_large_image\" \/>\n<meta name=\"twitter:label1\" content=\"Est. reading time\" \/>\n\t<meta name=\"twitter:data1\" content=\"1 minute\" \/>\n<script type=\"application\/ld+json\" class=\"yoast-schema-graph\">{\"@context\":\"https:\/\/schema.org\",\"@graph\":[{\"@type\":\"WebPage\",\"@id\":\"https:\/\/ecotexgroup.com\/en\/product\/buty-outlet-zestaw-shs81\/\",\"url\":\"https:\/\/ecotexgroup.com\/en\/product\/buty-outlet-zestaw-shs81\/\",\"name\":\"Outlet: Buty - zestaw SHS81, 10 par - Ecotex\",\"isPartOf\":{\"@id\":\"https:\/\/ecotexgroup.com\/en\/#website\"},\"primaryImageOfPage\":{\"@id\":\"https:\/\/ecotexgroup.com\/en\/product\/buty-outlet-zestaw-shs81\/#primaryimage\"},\"image\":{\"@id\":\"https:\/\/ecotexgroup.com\/en\/product\/buty-outlet-zestaw-shs81\/#primaryimage\"},\"thumbnailUrl\":\"https:\/\/ecotexgroup.com\/wp-content\/uploads\/2024\/05\/20240523_100930-scaled.jpg\",\"datePublished\":\"2024-05-28T11:14:37+00:00\",\"dateModified\":\"2026-02-26T14:13:51+00:00\",\"breadcrumb\":{\"@id\":\"https:\/\/ecotexgroup.com\/en\/product\/buty-outlet-zestaw-shs81\/#breadcrumb\"},\"inLanguage\":\"en-US\",\"potentialAction\":[{\"@type\":\"ReadAction\",\"target\":[\"https:\/\/ecotexgroup.com\/en\/product\/buty-outlet-zestaw-shs81\/\"]}]},{\"@type\":\"ImageObject\",\"inLanguage\":\"en-US\",\"@id\":\"https:\/\/ecotexgroup.com\/en\/product\/buty-outlet-zestaw-shs81\/#primaryimage\",\"url\":\"https:\/\/ecotexgroup.com\/wp-content\/uploads\/2024\/05\/20240523_100930-scaled.jpg\",\"contentUrl\":\"https:\/\/ecotexgroup.com\/wp-content\/uploads\/2024\/05\/20240523_100930-scaled.jpg\",\"width\":2560,\"height\":1920},{\"@type\":\"BreadcrumbList\",\"@id\":\"https:\/\/ecotexgroup.com\/en\/product\/buty-outlet-zestaw-shs81\/#breadcrumb\",\"itemListElement\":[{\"@type\":\"ListItem\",\"position\":1,\"name\":\"Strona g\u0142\u00f3wna\",\"item\":\"https:\/\/ecotexgroup.com\/\"},{\"@type\":\"ListItem\",\"position\":2,\"name\":\"Produkty\",\"item\":\"https:\/\/ecotexgroup.com\/shop\/\"},{\"@type\":\"ListItem\",\"position\":3,\"name\":\"Outlet: Buty &#8211; zestaw SHS81, 10 par\"}]},{\"@type\":\"WebSite\",\"@id\":\"https:\/\/ecotexgroup.com\/en\/#website\",\"url\":\"https:\/\/ecotexgroup.com\/en\/\",\"name\":\"Ecotex\",\"description\":\"\",\"publisher\":{\"@id\":\"https:\/\/ecotexgroup.com\/en\/#organization\"},\"potentialAction\":[{\"@type\":\"SearchAction\",\"target\":{\"@type\":\"EntryPoint\",\"urlTemplate\":\"https:\/\/ecotexgroup.com\/en\/?s={search_term_string}\"},\"query-input\":{\"@type\":\"PropertyValueSpecification\",\"valueRequired\":true,\"valueName\":\"search_term_string\"}}],\"inLanguage\":\"en-US\"},{\"@type\":\"Organization\",\"@id\":\"https:\/\/ecotexgroup.com\/en\/#organization\",\"name\":\"Ecotex\",\"url\":\"https:\/\/ecotexgroup.com\/en\/\",\"logo\":{\"@type\":\"ImageObject\",\"inLanguage\":\"en-US\",\"@id\":\"https:\/\/ecotexgroup.com\/en\/#\/schema\/logo\/image\/\",\"url\":\"https:\/\/ecotexgroup.com\/wp-content\/uploads\/2022\/10\/Ecotex_Group_logo-1.svg\",\"contentUrl\":\"https:\/\/ecotexgroup.com\/wp-content\/uploads\/2022\/10\/Ecotex_Group_logo-1.svg\",\"width\":187,\"height\":29,\"caption\":\"Ecotex\"},\"image\":{\"@id\":\"https:\/\/ecotexgroup.com\/en\/#\/schema\/logo\/image\/\"}}]}<\/script>\n<!-- \/ Yoast SEO plugin. -->","yoast_head_json":{"title":"Outlet: Buty - zestaw SHS81, 10 par - Ecotex","robots":{"index":"index","follow":"follow","max-snippet":"max-snippet:-1","max-image-preview":"max-image-preview:large","max-video-preview":"max-video-preview:-1"},"canonical":"https:\/\/ecotexgroup.com\/en\/product\/buty-outlet-zestaw-shs81\/","og_locale":"en_US","og_type":"article","og_title":"Outlet: Buty - zestaw SHS81, 10 par - Ecotex","og_description":"wybieraj\u0105c zestaw kupujesz konkretne pary obuwia przedstawione na za\u0142\u0105czonych zdj\u0119ciach  wi\u0119kszo\u015b\u0107 par posiada pude\u0142ko producenta  w sk\u0142ad pakietu wchodzi w 100% oryginalne obuwie  mo\u017cliwo\u015b\u0107 obejrzenia konkretnego pakietu w plac\u00f3wce naszej firmy","og_url":"https:\/\/ecotexgroup.com\/en\/product\/buty-outlet-zestaw-shs81\/","og_site_name":"Ecotex","article_modified_time":"2026-02-26T14:13:51+00:00","og_image":[{"width":2560,"height":1920,"url":"https:\/\/ecotexgroup.com\/wp-content\/uploads\/2024\/05\/20240523_100930-scaled.jpg","type":"image\/jpeg"}],"twitter_card":"summary_large_image","twitter_misc":{"Est. reading time":"1 minute"},"schema":{"@context":"https:\/\/schema.org","@graph":[{"@type":"WebPage","@id":"https:\/\/ecotexgroup.com\/en\/product\/buty-outlet-zestaw-shs81\/","url":"https:\/\/ecotexgroup.com\/en\/product\/buty-outlet-zestaw-shs81\/","name":"Outlet: Buty - zestaw SHS81, 10 par - Ecotex","isPartOf":{"@id":"https:\/\/ecotexgroup.com\/en\/#website"},"primaryImageOfPage":{"@id":"https:\/\/ecotexgroup.com\/en\/product\/buty-outlet-zestaw-shs81\/#primaryimage"},"image":{"@id":"https:\/\/ecotexgroup.com\/en\/product\/buty-outlet-zestaw-shs81\/#primaryimage"},"thumbnailUrl":"https:\/\/ecotexgroup.com\/wp-content\/uploads\/2024\/05\/20240523_100930-scaled.jpg","datePublished":"2024-05-28T11:14:37+00:00","dateModified":"2026-02-26T14:13:51+00:00","breadcrumb":{"@id":"https:\/\/ecotexgroup.com\/en\/product\/buty-outlet-zestaw-shs81\/#breadcrumb"},"inLanguage":"en-US","potentialAction":[{"@type":"ReadAction","target":["https:\/\/ecotexgroup.com\/en\/product\/buty-outlet-zestaw-shs81\/"]}]},{"@type":"ImageObject","inLanguage":"en-US","@id":"https:\/\/ecotexgroup.com\/en\/product\/buty-outlet-zestaw-shs81\/#primaryimage","url":"https:\/\/ecotexgroup.com\/wp-content\/uploads\/2024\/05\/20240523_100930-scaled.jpg","contentUrl":"https:\/\/ecotexgroup.com\/wp-content\/uploads\/2024\/05\/20240523_100930-scaled.jpg","width":2560,"height":1920},{"@type":"BreadcrumbList","@id":"https:\/\/ecotexgroup.com\/en\/product\/buty-outlet-zestaw-shs81\/#breadcrumb","itemListElement":[{"@type":"ListItem","position":1,"name":"Strona g\u0142\u00f3wna","item":"https:\/\/ecotexgroup.com\/"},{"@type":"ListItem","position":2,"name":"Produkty","item":"https:\/\/ecotexgroup.com\/shop\/"},{"@type":"ListItem","position":3,"name":"Outlet: Buty &#8211; zestaw SHS81, 10 par"}]},{"@type":"WebSite","@id":"https:\/\/ecotexgroup.com\/en\/#website","url":"https:\/\/ecotexgroup.com\/en\/","name":"Ecotex","description":"","publisher":{"@id":"https:\/\/ecotexgroup.com\/en\/#organization"},"potentialAction":[{"@type":"SearchAction","target":{"@type":"EntryPoint","urlTemplate":"https:\/\/ecotexgroup.com\/en\/?s={search_term_string}"},"query-input":{"@type":"PropertyValueSpecification","valueRequired":true,"valueName":"search_term_string"}}],"inLanguage":"en-US"},{"@type":"Organization","@id":"https:\/\/ecotexgroup.com\/en\/#organization","name":"Ecotex","url":"https:\/\/ecotexgroup.com\/en\/","logo":{"@type":"ImageObject","inLanguage":"en-US","@id":"https:\/\/ecotexgroup.com\/en\/#\/schema\/logo\/image\/","url":"https:\/\/ecotexgroup.com\/wp-content\/uploads\/2022\/10\/Ecotex_Group_logo-1.svg","contentUrl":"https:\/\/ecotexgroup.com\/wp-content\/uploads\/2022\/10\/Ecotex_Group_logo-1.svg","width":187,"height":29,"caption":"Ecotex"},"image":{"@id":"https:\/\/ecotexgroup.com\/en\/#\/schema\/logo\/image\/"}}]}},"_links":{"self":[{"href":"https:\/\/ecotexgroup.com\/en\/wp-json\/wp\/v2\/product\/5765"}],"collection":[{"href":"https:\/\/ecotexgroup.com\/en\/wp-json\/wp\/v2\/product"}],"about":[{"href":"https:\/\/ecotexgroup.com\/en\/wp-json\/wp\/v2\/types\/product"}],"replies":[{"embeddable":true,"href":"https:\/\/ecotexgroup.com\/en\/wp-json\/wp\/v2\/comments?post=5765"}],"wp:featuredmedia":[{"embeddable":true,"href":"https:\/\/ecotexgroup.com\/en\/wp-json\/wp\/v2\/media\/4954"}],"wp:attachment":[{"href":"https:\/\/ecotexgroup.com\/en\/wp-json\/wp\/v2\/media?parent=5765"}],"wp:term":[{"taxonomy":"product_brand","embeddable":true,"href":"https:\/\/ecotexgroup.com\/en\/wp-json\/wp\/v2\/product_brand?post=5765"},{"taxonomy":"product_cat","embeddable":true,"href":"https:\/\/ecotexgroup.com\/en\/wp-json\/wp\/v2\/product_cat?post=5765"},{"taxonomy":"product_tag","embeddable":true,"href":"https:\/\/ecotexgroup.com\/en\/wp-json\/wp\/v2\/product_tag?post=5765"},{"taxonomy":"product_filter","embeddable":true,"href":"https:\/\/ecotexgroup.com\/en\/wp-json\/wp\/v2\/product_filter?post=5765"}],"curies":[{"name":"wp","href":"https:\/\/api.w.org\/{rel}","templated":true}]}}